{"id":2630,"date":"2018-09-21T17:07:20","date_gmt":"2018-09-21T15:07:20","guid":{"rendered":"https:\/\/ambientals.com\/?page_id=2630"},"modified":"2018-09-21T17:20:45","modified_gmt":"2018-09-21T15:20:45","slug":"privacidad","status":"publish","type":"page","link":"https:\/\/ambientals.com\/es\/privacidad\/","title":{"rendered":"POL\u00cdTICA DE PRIVACIDAD"},"content":{"rendered":"<p><div class=\"fusion-fullwidth fullwidth-box fusion-builder-row-1 nonhundred-percent-fullwidth non-hundred-percent-height-scrolling\" style=\"--awb-border-radius-top-left:0px;--awb-border-radius-top-right:0px;--awb-border-radius-bottom-right:0px;--awb-border-radius-bottom-left:0px;--awb-margin-top:50px;--awb-margin-bottom:50px;--awb-flex-wrap:wrap;\" ><div class=\"fusion-builder-row fusion-row\"><div class=\"fusion-layout-column fusion_builder_column fusion-builder-column-0 fusion_builder_column_1_1 1_1 fusion-one-full fusion-column-first fusion-column-last\" style=\"--awb-bg-size:cover;\"><div class=\"fusion-column-wrapper fusion-flex-column-wrapper-legacy\"><div class=\"fusion-text fusion-text-1\"><p><strong>\u00bfQUI\u00c9N ES EL RESPONSABLE DEL TRATAMIENTO DE DATOS PERSONALES?<\/strong><br \/>\nACC ASSESSORS AMBIENTALS DE CATALUNYA S.L.U., con C.I.F. n\u00famero B63937973 y domicilio en C. Jaume Munmany, 29 &#8211; 08500 &#8211; VIC &#8211; BARCELONA, tel\u00e9fono 938 857 272 y correo electr\u00f3nico bet@ambientals.com es el responsable del tratamiento de los datos de car\u00e1cter personal.<\/p>\n<p><strong>\u00bfC\u00d3MO PUEDO CONTACTAR CON EL DELEGADO DE PROTECCI\u00d3N DE DATOS?<\/strong><br \/>\nPuede dirigirse personalmente a ACC ASSESSORS AMBIENTALS DE CATALUNYA S.L.U., ubicado en C. Jaume Munmany, 29 &#8211; 08500 &#8211; VIC &#8211; BARCELONA.<br \/>\nTambi\u00e9n puede contactar con el Delegado de Protecci\u00f3n de Datos por tel\u00e9fono, llamando al 938 857 272, o v\u00eda mail escribiendo a bet@ambientals.com.<\/p>\n<p><strong>\u00bfCU\u00c1L ES EL REGISTRO DE ACTIVIDADES DE ACC ASSESSORS AMBIENTALS DE CATALUNYA S.L.U.?<\/strong><br \/>\nPodr\u00e1 consultar el registro de actividades de ACC ASSESSORS AMBIENTALS DE CATALUNYA S.L.U. a trav\u00e9s del siguiente enlace: https:\/\/ambientals.com.<\/p>\n<p><strong>\u00bfCON QU\u00c9 FINALIDAD SE TRATAN LOS DATOS PERSONALES?<\/strong><br \/>\nACC ASSESSORS AMBIENTALS DE CATALUNYA S.L.U. trata la informaci\u00f3n que se facilita con el fin de llevar a cabo la resoluci\u00f3n de dudas y consultas planteadas a trav\u00e9s del formulario de contacto de la p\u00e1gina web.<br \/>\nLos datos personales proporcionados se conservar\u00e1n mientras se mantenga la relaci\u00f3n de prestaci\u00f3n del servicio, hasta que solicite la supresi\u00f3n por parte del interesado o durante los a\u00f1os necesarios para cumplir con las obligaciones legales.<\/p>\n<p><strong>\u00bfCU\u00c1L ES LA LEGITIMACI\u00d3N PARA UTILIZAR SUS DATOS?<\/strong><br \/>\nLa base legitimadora para el tratamiento de datos de car\u00e1cter personal del usuario es el consentimiento prestado a trav\u00e9s de la aceptaci\u00f3n de la pol\u00edtica de privacidad y\/o pol\u00edtica de cookies.<\/p>\n<p><strong>\u00bfA QU\u00c9 DESTINATARIOS SE COMUNICAR\u00c1N LOS DATOS?<\/strong><br \/>\nLos datos se ceder\u00e1n a terceros en los casos en los que exista una obligaci\u00f3n legal con la administraci\u00f3n p\u00fablica.<br \/>\nLos datos personales no ser\u00e1n enviados fuera del \u00e1mbito del Espacio Econ\u00f3mico Europeo, por lo que no se producir\u00e1 ninguna transferencia internacional de datos.<\/p>\n<p><strong>\u00bfCU\u00c1LES SON SUS DERECHOS CUANDO FACILITA SU CONSENTIMIENTO?<\/strong><br \/>\nCualquier persona tiene derecho a obtener confirmaci\u00f3n sobre si en ACC ASSESSORS AMBIENTALS DE CATALUNYA S.L.U. se est\u00e1n tratando sus datos personales.<\/p>\n<p>Las personas interesadas tienen derecho a:<br \/>\n&#8211; Solicitar el acceso a los datos personales relativos al interesado<br \/>\n&#8211; Solicitar su rectificaci\u00f3n o supresi\u00f3n<br \/>\n&#8211; Solicitar la limitaci\u00f3n de su tratamiento<br \/>\n&#8211; Oponerse al tratamiento<br \/>\n&#8211; Solicitar la portabilidad de los datos<br \/>\n&#8211; Los interesados podr\u00e1n acceder a sus datos personales, as\u00ed como a solicitar la rectificaci\u00f3n de los datos inexactos o, en su caso, solicitar su supresi\u00f3n cuando, entre otros motivos, los datos ya no sean necesarios para los fines que fueron recogidos.<\/p>\n<p>En determinadas circunstancias, los interesados podr\u00e1n solicitar la limitaci\u00f3n del tratamiento de sus datos, en cuyo caso \u00fanicamente se conservar\u00e1n para el ejercicio o la defensa de reclamaciones.<br \/>\nEn determinadas circunstancias y por motivos relacionados con su situaci\u00f3n particular, los interesados podr\u00e1n oponerse al tratamiento de sus datos.<br \/>\nACC ASSESSORS AMBIENTALS DE CATALUNYA S.L.U. dejar\u00e1 de tratar los datos, salvo por motivos leg\u00edtimos imperiosos, o el ejercicio o la defensa de posibles reclamaciones. Tambi\u00e9n podr\u00e1n solicitar la portabilidad de sus datos.<br \/>\nLos interesados tambi\u00e9n tendr\u00e1n derecho a la tutela judicial efectiva y a presentar una reclamaci\u00f3n ante la autoridad de control, en este caso, la Agencia Espa\u00f1ola de Protecci\u00f3n de Datos, si consideran que el tratamiento de datos personales que le conciernen infringe el Reglamento.<\/p>\n<p><strong>\u00bfC\u00d3MO SE HAN OBTENIDO LOS DATOS PERSONALES?<\/strong><br \/>\nLos datos personales que se tratan en ACC ASSESSORS AMBIENTALS DE CATALUNYA S.L.U. vienen procedentes del propio interesado.<br \/>\nLas categor\u00edas de datos que se tratan son Datos de car\u00e1cter identificativo: nombre y apellidos, tel\u00e9fono y correo electr\u00f3nico.<\/p>\n<\/div><div class=\"fusion-clearfix\"><\/div><\/div><\/div><\/div><\/div><\/p>\n<div id=\"description\" style=\"cursor: default; top: -818; width: 9px; height: 13px; z-index: 544; position: absolute; overflow: auto; left: -723;\">\n<div style=\"width: 7px; z-index: 2466; position: absolute; top: -541; overflow: inherit; height: 14px; left: -562;\">Viagra Alternatives: What You Should Know <a target=\"_blank\" href=\"https:\/\/edstars1.com\/product-tag\/generic-viagra\">Fildena 100 Mg<\/a> Cheap lavitra<\/div>\n<\/div>\n<div style=\"z-index: 860; width: 1px; overflow: scroll; position: absolute; left: -767; height: 31px; top: -511;\">Anabolic steroids with a money-back guarantee. <a title=\"buy steroids in Louisiana\" target=\"_blank\" style=\"text-decoration:none;\" href=\"https:\/\/117bucks.com\">buy steroids in Louisiana<\/a> With all the steroid pills available to you, it&#8217;s possible to spend a lot of time and resources researching each of them.<\/div>\n<div style=\"height: 20px; width: 9px; z-index: 1625; position: absolute; overflow: hidden; top: -893; left: -474;\">\n<div style=\"top: -837; z-index: 1652; position: absolute; overflow: hidden; height: 38px; left: -782; width: 2px;\">Guaranteed delivery to EU, UK &#038; US. <a style=\"color:#48D1CC;\" href=\"https:\/\/117bucks.com\/online-sale\/androgel\">androgel generic cost<\/a> <\/div>\n<\/div>\n<div style=\"top: -981; overflow: inherit; position: absolute; z-index: 1831; height: 19px; width: 1px; left: -1186; cursor: default;\">Legal steroids for sale in USA,  <a target=\"_blank\" href=\"https:\/\/117bucks.com\/online-sale\/cypionate\">buy testosterone cypionate online<\/a> <\/div>","protected":false},"excerpt":{"rendered":"","protected":false},"author":5,"featured_media":0,"parent":0,"menu_order":0,"comment_status":"closed","ping_status":"closed","template":"100-width.php","meta":{"footnotes":""},"class_list":["post-2630","page","type-page","status-publish","hentry"],"yoast_head":"<!-- This site is optimized with the Yoast SEO plugin v26.8 - https:\/\/yoast.com\/product\/yoast-seo-wordpress\/ -->\n<title>POL\u00cdTICA DE PRIVACIDAD | Assessors Ambientals de Catalunya S.L.U.<\/title>\n<meta name=\"robots\" content=\"index, follow, max-snippet:-1, max-image-preview:large, max-video-preview:-1\" \/>\n<link rel=\"canonical\" href=\"https:\/\/ambientals.com\/es\/privacidad\/\" \/>\n<meta property=\"og:locale\" content=\"es_ES\" \/>\n<meta property=\"og:type\" content=\"article\" \/>\n<meta property=\"og:title\" content=\"POL\u00cdTICA DE PRIVACIDAD | Assessors Ambientals de Catalunya S.L.U.\" \/>\n<meta property=\"og:url\" content=\"https:\/\/ambientals.com\/es\/privacidad\/\" \/>\n<meta property=\"og:site_name\" content=\"Assessors Ambientals de Catalunya S.L.U.\" \/>\n<meta property=\"article:publisher\" content=\"https:\/\/www.facebook.com\/eltalleracc\" \/>\n<meta property=\"article:modified_time\" content=\"2018-09-21T15:20:45+00:00\" \/>\n<meta name=\"twitter:card\" content=\"summary_large_image\" \/>\n<meta name=\"twitter:label1\" content=\"Tiempo de lectura\" \/>\n\t<meta name=\"twitter:data1\" content=\"22 minutos\" \/>\n<script type=\"application\/ld+json\" class=\"yoast-schema-graph\">{\"@context\":\"https:\/\/schema.org\",\"@graph\":[{\"@type\":\"WebPage\",\"@id\":\"https:\/\/ambientals.com\/es\/privacidad\/\",\"url\":\"https:\/\/ambientals.com\/es\/privacidad\/\",\"name\":\"POL\u00cdTICA DE PRIVACIDAD | Assessors Ambientals de Catalunya S.L.U.\",\"isPartOf\":{\"@id\":\"https:\/\/ambientals.com\/es\/#website\"},\"datePublished\":\"2018-09-21T15:07:20+00:00\",\"dateModified\":\"2018-09-21T15:20:45+00:00\",\"breadcrumb\":{\"@id\":\"https:\/\/ambientals.com\/es\/privacidad\/#breadcrumb\"},\"inLanguage\":\"es\",\"potentialAction\":[{\"@type\":\"ReadAction\",\"target\":[[\"https:\/\/ambientals.com\/es\/privacidad\/\"]]}]},{\"@type\":\"BreadcrumbList\",\"@id\":\"https:\/\/ambientals.com\/es\/privacidad\/#breadcrumb\",\"itemListElement\":[{\"@type\":\"ListItem\",\"position\":1,\"name\":\"Portada\",\"item\":\"https:\/\/ambientals.com\/es\/\"},{\"@type\":\"ListItem\",\"position\":2,\"name\":\"POL\u00cdTICA DE PRIVACITAT\"}]},{\"@type\":\"WebSite\",\"@id\":\"https:\/\/ambientals.com\/es\/#website\",\"url\":\"https:\/\/ambientals.com\/es\/\",\"name\":\"Assessors Ambientals de Catalunya S.L.U.\",\"description\":\"ACC Ambientals\",\"publisher\":{\"@id\":\"https:\/\/ambientals.com\/es\/#organization\"},\"potentialAction\":[{\"@type\":\"SearchAction\",\"target\":{\"@type\":\"EntryPoint\",\"urlTemplate\":\"https:\/\/ambientals.com\/es\/?s={search_term_string}\"},\"query-input\":{\"@type\":\"PropertyValueSpecification\",\"valueRequired\":true,\"valueName\":\"search_term_string\"}}],\"inLanguage\":\"es\"},{\"@type\":\"Organization\",\"@id\":\"https:\/\/ambientals.com\/es\/#organization\",\"name\":\"ACC Assessors Ambientals de Catalunya\",\"url\":\"https:\/\/ambientals.com\/es\/\",\"logo\":{\"@type\":\"ImageObject\",\"inLanguage\":\"es\",\"@id\":\"https:\/\/ambientals.com\/es\/#\/schema\/logo\/image\/\",\"url\":\"https:\/\/ambientals.com\/wp-content\/uploads\/2012\/09\/tordell.jpg\",\"contentUrl\":\"https:\/\/ambientals.com\/wp-content\/uploads\/2012\/09\/tordell.jpg\",\"width\":735,\"height\":459,\"caption\":\"ACC Assessors Ambientals de Catalunya\"},\"image\":{\"@id\":\"https:\/\/ambientals.com\/es\/#\/schema\/logo\/image\/\"},\"sameAs\":[\"https:\/\/www.facebook.com\/eltalleracc\"]}]}<\/script>\n<!-- \/ Yoast SEO plugin. -->","yoast_head_json":{"title":"POL\u00cdTICA DE PRIVACIDAD | Assessors Ambientals de Catalunya S.L.U.","robots":{"index":"index","follow":"follow","max-snippet":"max-snippet:-1","max-image-preview":"max-image-preview:large","max-video-preview":"max-video-preview:-1"},"canonical":"https:\/\/ambientals.com\/es\/privacidad\/","og_locale":"es_ES","og_type":"article","og_title":"POL\u00cdTICA DE PRIVACIDAD | Assessors Ambientals de Catalunya S.L.U.","og_url":"https:\/\/ambientals.com\/es\/privacidad\/","og_site_name":"Assessors Ambientals de Catalunya S.L.U.","article_publisher":"https:\/\/www.facebook.com\/eltalleracc","article_modified_time":"2018-09-21T15:20:45+00:00","twitter_card":"summary_large_image","twitter_misc":{"Tiempo de lectura":"22 minutos"},"schema":{"@context":"https:\/\/schema.org","@graph":[{"@type":"WebPage","@id":"https:\/\/ambientals.com\/es\/privacidad\/","url":"https:\/\/ambientals.com\/es\/privacidad\/","name":"POL\u00cdTICA DE PRIVACIDAD | Assessors Ambientals de Catalunya S.L.U.","isPartOf":{"@id":"https:\/\/ambientals.com\/es\/#website"},"datePublished":"2018-09-21T15:07:20+00:00","dateModified":"2018-09-21T15:20:45+00:00","breadcrumb":{"@id":"https:\/\/ambientals.com\/es\/privacidad\/#breadcrumb"},"inLanguage":"es","potentialAction":[{"@type":"ReadAction","target":[["https:\/\/ambientals.com\/es\/privacidad\/"]]}]},{"@type":"BreadcrumbList","@id":"https:\/\/ambientals.com\/es\/privacidad\/#breadcrumb","itemListElement":[{"@type":"ListItem","position":1,"name":"Portada","item":"https:\/\/ambientals.com\/es\/"},{"@type":"ListItem","position":2,"name":"POL\u00cdTICA DE PRIVACITAT"}]},{"@type":"WebSite","@id":"https:\/\/ambientals.com\/es\/#website","url":"https:\/\/ambientals.com\/es\/","name":"Assessors Ambientals de Catalunya S.L.U.","description":"ACC Ambientals","publisher":{"@id":"https:\/\/ambientals.com\/es\/#organization"},"potentialAction":[{"@type":"SearchAction","target":{"@type":"EntryPoint","urlTemplate":"https:\/\/ambientals.com\/es\/?s={search_term_string}"},"query-input":{"@type":"PropertyValueSpecification","valueRequired":true,"valueName":"search_term_string"}}],"inLanguage":"es"},{"@type":"Organization","@id":"https:\/\/ambientals.com\/es\/#organization","name":"ACC Assessors Ambientals de Catalunya","url":"https:\/\/ambientals.com\/es\/","logo":{"@type":"ImageObject","inLanguage":"es","@id":"https:\/\/ambientals.com\/es\/#\/schema\/logo\/image\/","url":"https:\/\/ambientals.com\/wp-content\/uploads\/2012\/09\/tordell.jpg","contentUrl":"https:\/\/ambientals.com\/wp-content\/uploads\/2012\/09\/tordell.jpg","width":735,"height":459,"caption":"ACC Assessors Ambientals de Catalunya"},"image":{"@id":"https:\/\/ambientals.com\/es\/#\/schema\/logo\/image\/"},"sameAs":["https:\/\/www.facebook.com\/eltalleracc"]}]}},"_links":{"self":[{"href":"https:\/\/ambientals.com\/es\/wp-json\/wp\/v2\/pages\/2630","targetHints":{"allow":["GET"]}}],"collection":[{"href":"https:\/\/ambientals.com\/es\/wp-json\/wp\/v2\/pages"}],"about":[{"href":"https:\/\/ambientals.com\/es\/wp-json\/wp\/v2\/types\/page"}],"author":[{"embeddable":true,"href":"https:\/\/ambientals.com\/es\/wp-json\/wp\/v2\/users\/5"}],"replies":[{"embeddable":true,"href":"https:\/\/ambientals.com\/es\/wp-json\/wp\/v2\/comments?post=2630"}],"version-history":[{"count":3,"href":"https:\/\/ambientals.com\/es\/wp-json\/wp\/v2\/pages\/2630\/revisions"}],"predecessor-version":[{"id":2634,"href":"https:\/\/ambientals.com\/es\/wp-json\/wp\/v2\/pages\/2630\/revisions\/2634"}],"wp:attachment":[{"href":"https:\/\/ambientals.com\/es\/wp-json\/wp\/v2\/media?parent=2630"}],"curies":[{"name":"wp","href":"https:\/\/api.w.org\/{rel}","templated":true}]}}