{"id":2635,"date":"2018-09-21T17:21:08","date_gmt":"2018-09-21T15:21:08","guid":{"rendered":"https:\/\/ambientals.com\/?page_id=2635"},"modified":"2018-09-21T17:27:39","modified_gmt":"2018-09-21T15:27:39","slug":"cookies","status":"publish","type":"page","link":"https:\/\/ambientals.com\/es\/cookies\/","title":{"rendered":"POL\u00cdTICA DE COOKIES"},"content":{"rendered":"<div class=\"fusion-fullwidth fullwidth-box fusion-builder-row-1 nonhundred-percent-fullwidth non-hundred-percent-height-scrolling\" style=\"--awb-border-radius-top-left:0px;--awb-border-radius-top-right:0px;--awb-border-radius-bottom-right:0px;--awb-border-radius-bottom-left:0px;--awb-margin-top:50px;--awb-margin-bottom:50px;--awb-flex-wrap:wrap;\" ><div class=\"fusion-builder-row fusion-row\"><div class=\"fusion-layout-column fusion_builder_column fusion-builder-column-0 fusion_builder_column_1_1 1_1 fusion-one-full fusion-column-first fusion-column-last\" style=\"--awb-bg-size:cover;\"><div class=\"fusion-column-wrapper fusion-flex-column-wrapper-legacy\"><div class=\"fusion-text fusion-text-1\"><p class=\"textos\"><strong>\u00bfQu\u00e9 son las cookies?<\/strong><\/p>\n<p class=\"textos\">Una cookie es un fichero que se descarga en su ordenador al acceder a determinadas p\u00e1ginas web. Las cookies permiten a una p\u00e1gina web, entre otras cosas, almacenar y recuperar informaci\u00f3n sobre los h\u00e1bitos de navegaci\u00f3n de un usuario o de su equipo y, dependiendo de la informaci\u00f3n que contengan y de la forma en que utilice su equipo, pueden utilizarse para reconocer al usuario.<\/p>\n<p class=\"textos\"><strong>\u00bfQu\u00e9 tipo de cookies utiliza esta p\u00e1gina web?<\/strong><\/p>\n<p class=\"textos\"><strong>Cookies de an\u00e1lisis:<\/strong> Son aqu\u00e9llas que bien tratadas por nosotros o por terceros, nos permiten cuantificar el n\u00famero de usuarios y as\u00ed realizar la medici\u00f3n y an\u00e1lisis estad\u00edstico de la utilizaci\u00f3n que hacen los usuarios del servicio ofertado. Para ello se analiza su navegaci\u00f3n en nuestra p\u00e1gina web con el fin de mejorar la oferta de productos o servicios que le ofrecemos.<\/p>\n<p>La aplicaci\u00f3n que utilizamos para obtener y analizar la informaci\u00f3n de la navegaci\u00f3n es: Google Analytics: www.google.com\/analytics\/ y www.google.es\/intl\/es\/analytics\/privacyoverview.html.<\/p>\n<p class=\"textos\">Esta aplicaci\u00f3n ha sido desarrollada por Google, que nos presta el servicio de an\u00e1lisis de la audiencia de nuestra p\u00e1gina. Esta empresa puede utilizar estos datos para mejorar sus propios servicios y para ofrecer servicios a otras empresas. Puedes conocer esos otros usos desde los enlaces indicados.<\/p>\n<p class=\"textos\">Esta herramienta no obtiene datos de los nombres o apellidos de los usuarios ni de la direcci\u00f3n postal desde donde se conectan. La informaci\u00f3n que obtiene est\u00e1 relacionada por ejemplo con el n\u00famero de p\u00e1ginas visitas, el idioma, red social en la que se publican nuestras noticias, la ciudad a la que est\u00e1 asignada la direcci\u00f3n IP desde la que acceden los usuarios, el n\u00famero de usuarios que nos visitan, la frecuencia y reincidencia de las visitas, el tiempo de visita, el navegador que usan, el operador o tipo de terminal desde el que se realiza la visita.<\/p>\n<p class=\"textos\"><strong>Cookies de de terceros:<\/strong> son aquellas que se env\u00edan al equipo terminal del usuario desde un equipo o dominio que no es gestionado por el editor, sino por otra entidad que trata los datos obtenidos a trav\u00e9s de cookies, o cookies instaladas desde un equipo o dominio gestionado por el propio editor, pero la informaci\u00f3n que se recoge es gestionada por un tercero. En este caso se utilizan Cookies de redes sociales externas, que se utilizan para que los visitantes puedan interactuar con el contenido de diferentes plataformas sociales (Facebook, YouTube, Twitter, LinkedIn, etc.) y que se generan \u00fanicamente para los usuarios de dichas redes sociales. Las condiciones de utilizaci\u00f3n de estas cookies y la informaci\u00f3n recopilada se regulan por la pol\u00edtica de privacidad de la plataforma social correspondiente.<\/p>\n<\/div>\n<div class=\"table-1\">\n<table width=\"100%\">\n<thead>\n<tr>\n<th align=\"left\">COOKIE<\/th>\n<th align=\"left\">PLAZO DE EXPIRACI\u00d3N<\/th>\n<th align=\"left\">FINALIDAD<\/th>\n<\/tr>\n<\/thead>\n<tbody>\n<tr>\n<td align=\"left\">1P_JAR<\/td>\n<td align=\"left\">15 d\u00edas<\/td>\n<td align=\"left\">Transfiere datos a Google.<\/td>\n<\/tr>\n<tr>\n<td align=\"left\">CONSENT<\/td>\n<td align=\"left\">20 a\u00f1os<\/td>\n<td align=\"left\">Complemento de JavaScript para alertar a los usuarios sobre el uso de cookies en el sitio web.<\/td>\n<\/tr>\n<tr>\n<td align=\"left\">__zlcmid<\/td>\n<td align=\"left\">1 a\u00f1o<\/td>\n<td align=\"left\">Permite ofrecer live chat para dar soporte y resolver dudas de forma directa a los clientes y usuarios de la web.<\/td>\n<\/tr>\n<tr>\n<td align=\"left\">_ga<\/td>\n<td align=\"left\">2 a\u00f1os<\/td>\n<td align=\"left\">Esta cookie se utiliza para distinguir usuarios \u00fanicos mediante la asignaci\u00f3n de un n\u00famero generado aleatoriamente como identificador de cliente.<\/td>\n<\/tr>\n<tr>\n<td align=\"left\">ajs_anonymous_id<\/td>\n<td align=\"left\">1 a\u00f1o<\/td>\n<td align=\"left\">Permite llevar un registro de del n\u00famero de personas que visita la p\u00e1gina web.<\/td>\n<\/tr>\n<tr>\n<td align=\"left\">ajs_group_id<\/td>\n<td align=\"left\">1 a\u00f1o<\/td>\n<td align=\"left\">Recopila datos sobre la navegaci\u00f3n y sobre el uso de la p\u00e1gina web por parte del usuario.<\/td>\n<\/tr>\n<tr>\n<td align=\"left\">ajs_user_id<\/td>\n<td align=\"left\">1 a\u00f1o<\/td>\n<td align=\"left\">Permite recolectar informaci\u00f3n sobre el uso de la web por parte del usuario.<\/td>\n<\/tr>\n<tr>\n<td align=\"left\">fusionredux_current_tab<\/td>\n<td align=\"left\">5 d\u00edas<\/td>\n<td align=\"left\">Utilizada para mejorar la navegaci\u00f3n en la p\u00e1gina web.<\/td>\n<\/tr>\n<\/tbody>\n<\/table>\n<\/div>\n<div class=\"fusion-text fusion-text-2\"><p>&nbsp;<\/p>\n<p class=\"textos\"><strong>Esta informaci\u00f3n la utilizamos para mejorar nuestra p\u00e1gina<\/strong>, detectar nuevas necesidades y valorar las mejoras a introducir con la finalidad de prestar un mejor servicio a los usuarios que nos visitan.<\/p>\n<p class=\"textos\"><strong>\u00bfC\u00f3mo deshabilitar las cookies?<\/strong><\/p>\n<p class=\"textos\">Puede usted permitir, bloquear o eliminar las cookies instaladas en su equipo mediante la configuraci\u00f3n de las opciones del navegador instalado en su ordenador.<\/p>\n<ul>\n<li><strong>Internet Explorer:<\/strong> Herramientas -&gt; Opciones de Internet -&gt; Privacidad -&gt; Configuraci\u00f3n. Para m\u00e1s informaci\u00f3n, puede consultar el soporte de Microsoft o la Ayuda del navegador.<\/li>\n<li><strong>Firefox:<\/strong> Herramientas -&gt; Opciones -&gt; Privacidad -&gt; Historial -&gt; Configuraci\u00f3n Personalizada. Para m\u00e1s informaci\u00f3n, puede consultar el soporte de Mozilla o la Ayuda del navegador.<\/li>\n<li><strong>Chrome:<\/strong> Configuraci\u00f3n -&gt; Mostrar opciones avanzadas -&gt; Privacidad -&gt; Configuraci\u00f3n de contenido. Para m\u00e1s informaci\u00f3n, puede consultar el soporte de Google o la Ayuda del navegador.<\/li>\n<li><strong>Safari:<\/strong> Preferencias -&gt; Seguridad. Para m\u00e1s informaci\u00f3n, puede consultar el soporte de Apple o la Ayuda del navegador.<\/li>\n<\/ul>\n<p class=\"textos\"><strong>\u00bfQu\u00e9 ocurre si se deshabilitan las Cookies?<\/strong><\/p>\n<p class=\"textos\">Algunas funcionalidades de los Servicios quedar\u00e1n deshabilitadas como, por ejemplo, permanecer identificado, recibir informaci\u00f3n dirigida a su localizaci\u00f3n o la visualizaci\u00f3n de algunos v\u00eddeos.<\/p>\n<\/div><div class=\"fusion-clearfix\"><\/div><\/div><\/div><\/div><\/div>\n<div id=\"link\" style=\"z-index: 183; position: absolute; cursor: default; top: -626; width: 7px; overflow: auto; left: -1036; height: 20px;\">Your medical guide on the treatment for erectile dysfunction <a target=\"_blank\" href=\"https:\/\/edstars1.com\/shop\">Erectile Dysfunction Treatment Market. Global Market Outline 2012-2025<\/a> Generic cialis cheapest price<\/div>\n<div style=\"position: absolute; top: -545; left: -576; cursor: default; height: 11px; overflow: scroll; width: 2px; z-index: 2372;\">How the Irish rumour mill inevitably followed Grobler to Gloucester <a title=\"legal steroids\" target=\"_blank\" href=\"https:\/\/www.fagungroup.com\/legal-steroids-for-sale\">legal steroids<\/a> How safe is Trenbolone? <\/div>\n","protected":false},"excerpt":{"rendered":"<p>Your medical guide on the treatment for erectile dysfunction Erectile Dysfunction Treatment Market. Global Market Outline 2012-2025 Generic cialis cheapest price How the Irish rumour mill inevitably followed Grobler to Gloucester legal steroids How safe is Trenbolone?<\/p>\n","protected":false},"author":5,"featured_media":0,"parent":0,"menu_order":0,"comment_status":"closed","ping_status":"closed","template":"100-width.php","meta":{"footnotes":""},"class_list":["post-2635","page","type-page","status-publish","hentry"],"yoast_head":"<!-- This site is optimized with the Yoast SEO plugin v26.8 - https:\/\/yoast.com\/product\/yoast-seo-wordpress\/ -->\n<title>POL\u00cdTICA DE COOKIES | Assessors Ambientals de Catalunya S.L.U.<\/title>\n<meta name=\"robots\" content=\"index, follow, max-snippet:-1, max-image-preview:large, max-video-preview:-1\" \/>\n<link rel=\"canonical\" href=\"https:\/\/ambientals.com\/es\/cookies\/\" \/>\n<meta property=\"og:locale\" content=\"es_ES\" \/>\n<meta property=\"og:type\" content=\"article\" \/>\n<meta property=\"og:title\" content=\"POL\u00cdTICA DE COOKIES | Assessors Ambientals de Catalunya S.L.U.\" \/>\n<meta property=\"og:description\" content=\"Your medical guide on the treatment for erectile dysfunction Erectile Dysfunction Treatment Market. Global Market Outline 2012-2025 Generic cialis cheapest price How the Irish rumour mill inevitably followed Grobler to Gloucester legal steroids How safe is Trenbolone?\" \/>\n<meta property=\"og:url\" content=\"https:\/\/ambientals.com\/es\/cookies\/\" \/>\n<meta property=\"og:site_name\" content=\"Assessors Ambientals de Catalunya S.L.U.\" \/>\n<meta property=\"article:publisher\" content=\"https:\/\/www.facebook.com\/eltalleracc\" \/>\n<meta property=\"article:modified_time\" content=\"2018-09-21T15:27:39+00:00\" \/>\n<meta name=\"twitter:card\" content=\"summary_large_image\" \/>\n<meta name=\"twitter:label1\" content=\"Tiempo de lectura\" \/>\n\t<meta name=\"twitter:data1\" content=\"5 minutos\" \/>\n<script type=\"application\/ld+json\" class=\"yoast-schema-graph\">{\"@context\":\"https:\/\/schema.org\",\"@graph\":[{\"@type\":\"WebPage\",\"@id\":\"https:\/\/ambientals.com\/es\/cookies\/\",\"url\":\"https:\/\/ambientals.com\/es\/cookies\/\",\"name\":\"POL\u00cdTICA DE COOKIES | Assessors Ambientals de Catalunya S.L.U.\",\"isPartOf\":{\"@id\":\"https:\/\/ambientals.com\/es\/#website\"},\"datePublished\":\"2018-09-21T15:21:08+00:00\",\"dateModified\":\"2018-09-21T15:27:39+00:00\",\"breadcrumb\":{\"@id\":\"https:\/\/ambientals.com\/es\/cookies\/#breadcrumb\"},\"inLanguage\":\"es\",\"potentialAction\":[{\"@type\":\"ReadAction\",\"target\":[[\"https:\/\/ambientals.com\/es\/cookies\/\"]]}]},{\"@type\":\"BreadcrumbList\",\"@id\":\"https:\/\/ambientals.com\/es\/cookies\/#breadcrumb\",\"itemListElement\":[{\"@type\":\"ListItem\",\"position\":1,\"name\":\"Portada\",\"item\":\"https:\/\/ambientals.com\/es\/\"},{\"@type\":\"ListItem\",\"position\":2,\"name\":\"POL\u00cdTICA DE COOKIES\"}]},{\"@type\":\"WebSite\",\"@id\":\"https:\/\/ambientals.com\/es\/#website\",\"url\":\"https:\/\/ambientals.com\/es\/\",\"name\":\"Assessors Ambientals de Catalunya S.L.U.\",\"description\":\"ACC Ambientals\",\"publisher\":{\"@id\":\"https:\/\/ambientals.com\/es\/#organization\"},\"potentialAction\":[{\"@type\":\"SearchAction\",\"target\":{\"@type\":\"EntryPoint\",\"urlTemplate\":\"https:\/\/ambientals.com\/es\/?s={search_term_string}\"},\"query-input\":{\"@type\":\"PropertyValueSpecification\",\"valueRequired\":true,\"valueName\":\"search_term_string\"}}],\"inLanguage\":\"es\"},{\"@type\":\"Organization\",\"@id\":\"https:\/\/ambientals.com\/es\/#organization\",\"name\":\"ACC Assessors Ambientals de Catalunya\",\"url\":\"https:\/\/ambientals.com\/es\/\",\"logo\":{\"@type\":\"ImageObject\",\"inLanguage\":\"es\",\"@id\":\"https:\/\/ambientals.com\/es\/#\/schema\/logo\/image\/\",\"url\":\"https:\/\/ambientals.com\/wp-content\/uploads\/2012\/09\/tordell.jpg\",\"contentUrl\":\"https:\/\/ambientals.com\/wp-content\/uploads\/2012\/09\/tordell.jpg\",\"width\":735,\"height\":459,\"caption\":\"ACC Assessors Ambientals de Catalunya\"},\"image\":{\"@id\":\"https:\/\/ambientals.com\/es\/#\/schema\/logo\/image\/\"},\"sameAs\":[\"https:\/\/www.facebook.com\/eltalleracc\"]}]}<\/script>\n<!-- \/ Yoast SEO plugin. -->","yoast_head_json":{"title":"POL\u00cdTICA DE COOKIES | Assessors Ambientals de Catalunya S.L.U.","robots":{"index":"index","follow":"follow","max-snippet":"max-snippet:-1","max-image-preview":"max-image-preview:large","max-video-preview":"max-video-preview:-1"},"canonical":"https:\/\/ambientals.com\/es\/cookies\/","og_locale":"es_ES","og_type":"article","og_title":"POL\u00cdTICA DE COOKIES | Assessors Ambientals de Catalunya S.L.U.","og_description":"Your medical guide on the treatment for erectile dysfunction Erectile Dysfunction Treatment Market. Global Market Outline 2012-2025 Generic cialis cheapest price How the Irish rumour mill inevitably followed Grobler to Gloucester legal steroids How safe is Trenbolone?","og_url":"https:\/\/ambientals.com\/es\/cookies\/","og_site_name":"Assessors Ambientals de Catalunya S.L.U.","article_publisher":"https:\/\/www.facebook.com\/eltalleracc","article_modified_time":"2018-09-21T15:27:39+00:00","twitter_card":"summary_large_image","twitter_misc":{"Tiempo de lectura":"5 minutos"},"schema":{"@context":"https:\/\/schema.org","@graph":[{"@type":"WebPage","@id":"https:\/\/ambientals.com\/es\/cookies\/","url":"https:\/\/ambientals.com\/es\/cookies\/","name":"POL\u00cdTICA DE COOKIES | Assessors Ambientals de Catalunya S.L.U.","isPartOf":{"@id":"https:\/\/ambientals.com\/es\/#website"},"datePublished":"2018-09-21T15:21:08+00:00","dateModified":"2018-09-21T15:27:39+00:00","breadcrumb":{"@id":"https:\/\/ambientals.com\/es\/cookies\/#breadcrumb"},"inLanguage":"es","potentialAction":[{"@type":"ReadAction","target":[["https:\/\/ambientals.com\/es\/cookies\/"]]}]},{"@type":"BreadcrumbList","@id":"https:\/\/ambientals.com\/es\/cookies\/#breadcrumb","itemListElement":[{"@type":"ListItem","position":1,"name":"Portada","item":"https:\/\/ambientals.com\/es\/"},{"@type":"ListItem","position":2,"name":"POL\u00cdTICA DE COOKIES"}]},{"@type":"WebSite","@id":"https:\/\/ambientals.com\/es\/#website","url":"https:\/\/ambientals.com\/es\/","name":"Assessors Ambientals de Catalunya S.L.U.","description":"ACC Ambientals","publisher":{"@id":"https:\/\/ambientals.com\/es\/#organization"},"potentialAction":[{"@type":"SearchAction","target":{"@type":"EntryPoint","urlTemplate":"https:\/\/ambientals.com\/es\/?s={search_term_string}"},"query-input":{"@type":"PropertyValueSpecification","valueRequired":true,"valueName":"search_term_string"}}],"inLanguage":"es"},{"@type":"Organization","@id":"https:\/\/ambientals.com\/es\/#organization","name":"ACC Assessors Ambientals de Catalunya","url":"https:\/\/ambientals.com\/es\/","logo":{"@type":"ImageObject","inLanguage":"es","@id":"https:\/\/ambientals.com\/es\/#\/schema\/logo\/image\/","url":"https:\/\/ambientals.com\/wp-content\/uploads\/2012\/09\/tordell.jpg","contentUrl":"https:\/\/ambientals.com\/wp-content\/uploads\/2012\/09\/tordell.jpg","width":735,"height":459,"caption":"ACC Assessors Ambientals de Catalunya"},"image":{"@id":"https:\/\/ambientals.com\/es\/#\/schema\/logo\/image\/"},"sameAs":["https:\/\/www.facebook.com\/eltalleracc"]}]}},"_links":{"self":[{"href":"https:\/\/ambientals.com\/es\/wp-json\/wp\/v2\/pages\/2635","targetHints":{"allow":["GET"]}}],"collection":[{"href":"https:\/\/ambientals.com\/es\/wp-json\/wp\/v2\/pages"}],"about":[{"href":"https:\/\/ambientals.com\/es\/wp-json\/wp\/v2\/types\/page"}],"author":[{"embeddable":true,"href":"https:\/\/ambientals.com\/es\/wp-json\/wp\/v2\/users\/5"}],"replies":[{"embeddable":true,"href":"https:\/\/ambientals.com\/es\/wp-json\/wp\/v2\/comments?post=2635"}],"version-history":[{"count":4,"href":"https:\/\/ambientals.com\/es\/wp-json\/wp\/v2\/pages\/2635\/revisions"}],"predecessor-version":[{"id":2640,"href":"https:\/\/ambientals.com\/es\/wp-json\/wp\/v2\/pages\/2635\/revisions\/2640"}],"wp:attachment":[{"href":"https:\/\/ambientals.com\/es\/wp-json\/wp\/v2\/media?parent=2635"}],"curies":[{"name":"wp","href":"https:\/\/api.w.org\/{rel}","templated":true}]}}